{"id":1970,"date":"2026-01-25T20:07:29","date_gmt":"2026-01-25T19:07:29","guid":{"rendered":"https:\/\/melaniepatisserie.fr\/?page_id=1970"},"modified":"2026-01-25T20:16:56","modified_gmt":"2026-01-25T19:16:56","slug":"perle","status":"publish","type":"page","link":"https:\/\/melaniepatisserie.fr\/index.php\/perle\/","title":{"rendered":"Perle"},"content":{"rendered":"<div class=\"\" style=\"\" >\n    \n    <section class=\"u-clearfix u-palette-1-light-2 u-section-2\" id=\"sec-493e\">\n      <div class=\"u-clearfix u-sheet u-sheet-1\">\n        <div class=\"u-image u-image-circle u-image-1\" data-image-width=\"1536\" data-image-height=\"2048\" style=\"background-image: url(&quot;http:\/\/melaniepatisserie.fr\/wp-content\/uploads\/2026\/01\/Messenger_creation_D62BB8C6-A2B5-44F4-8D84-6B4582793070.jpeg&quot;);\"><\/div>\n        <div class=\"u-container-style u-expanded-width-sm u-expanded-width-xs u-group u-shape-rectangle u-group-1\">\n          <div class=\"u-container-layout u-container-layout-1\">\n            <h2 class=\"u-align-left u-custom-font u-font-oswald u-text u-text-1\">Perle<\/h2>\n            <p class=\"u-align-justify u-text u-text-2\">- Croustillant pralin\u00e9 feuilletine<br>- Moelleux vanille<br>- Cr\u00e9meux vanille<br>- Caramel \u00e0 la fleur de sel<br>- Mousse onctueuse vanille\n            <\/p>\n            <p class=\"u-align-left u-text u-text-3\">\n              <font style=\"vertical-align: inherit;\">\n                <font style=\"vertical-align: inherit;\">\n                  <font style=\"vertical-align: inherit;\">\n                    <font style=\"vertical-align: inherit;\">\n                      <font style=\"vertical-align: inherit;\">\n                        <font style=\"vertical-align: inherit;\">\n                          <font style=\"vertical-align: inherit;\">\n                            <font style=\"vertical-align: inherit;\">Disponible en format individuel : 5\u20ac <\/font>\n                          <\/font>\n                        <\/font>\n                      <\/font>\n                    <\/font>\n                  <\/font>\n                <\/font>\n              <\/font>\n              <br>\n              <br>Taille unique 6-8 parts: 40\u20ac<br>\n              <br>\n            <\/p>\n          <\/div>\n        <\/div>\n        <div class=\"u-image u-image-circle u-preserve-proportions u-image-2\" data-image-width=\"1536\" data-image-height=\"2047\" style=\"background-image: url(&quot;http:\/\/melaniepatisserie.fr\/wp-content\/uploads\/2026\/01\/Messenger_creation_B62E83E9-C1E1-4679-B667-4F79B88BC64A-1.jpeg&quot;);\"><\/div>\n        <div class=\"u-image u-image-circle u-image-3\" data-image-width=\"1536\" data-image-height=\"2048\" style=\"background-image: url(&quot;http:\/\/melaniepatisserie.fr\/wp-content\/uploads\/2026\/01\/Messenger_creation_DE35EDD8-9C29-4156-98D2-3FC11FCDA81F.jpeg&quot;);\"><\/div>\n        <div class=\"u-align-right u-image u-image-circle u-preserve-proportions u-image-4\" alt=\"\" data-image-width=\"2048\" data-image-height=\"2048\" style=\"background-image: url(&quot;http:\/\/melaniepatisserie.fr\/wp-content\/uploads\/2026\/01\/Messenger_creation_A52E3799-5C9B-4298-AAA7-386427515FE5.jpeg&quot;);\"><\/div>\n      <\/div>\n    <\/section>\n    <section class=\"u-clearfix u-image u-shading u-section-3\" id=\"sec-9a62\" data-image-width=\"1536\" data-image-height=\"2048\" style=\"background-image: linear-gradient(0deg, rgba(250, 246, 243, 0.7), rgba(250, 246, 243, 0.7)), url(&quot;http:\/\/melaniepatisserie.fr\/wp-content\/uploads\/2026\/01\/Messenger_creation_DE35EDD8-9C29-4156-98D2-3FC11FCDA81F.jpeg&quot;);\">\n      <div class=\"u-clearfix u-sheet u-valign-bottom u-sheet-1\"><\/div>\n    <\/section>\n    \n    \n    \n  \n<\/div>","protected":false},"excerpt":{"rendered":"<p>Perle &#8211; Croustillant pralin\u00e9 feuilletine- Moelleux vanille- Cr\u00e9meux vanille- Caramel \u00e0 la fleur de sel- Mousse onctueuse vanille Disponible en format individuel : 5\u20ac Taille &hellip; <\/p>\n","protected":false},"author":1,"featured_media":0,"parent":0,"menu_order":0,"comment_status":"closed","ping_status":"closed","template":"","meta":[],"yoast_head":"<!-- This site is optimized with the Yoast SEO plugin v18.5.1 - https:\/\/yoast.com\/wordpress\/plugins\/seo\/ -->\n<title>Perle -<\/title>\n<meta name=\"robots\" content=\"index, follow, max-snippet:-1, max-image-preview:large, max-video-preview:-1\" \/>\n<link rel=\"canonical\" href=\"https:\/\/melaniepatisserie.fr\/index.php\/perle\/\" \/>\n<meta property=\"og:locale\" content=\"fr_FR\" \/>\n<meta property=\"og:type\" content=\"article\" \/>\n<meta property=\"og:title\" content=\"Perle -\" \/>\n<meta property=\"og:description\" content=\"Perle - Croustillant pralin\u00e9 feuilletine- Moelleux vanille- Cr\u00e9meux vanille- Caramel \u00e0 la fleur de sel- Mousse onctueuse vanille Disponible en format individuel : 5\u20ac Taille &hellip;\" \/>\n<meta property=\"og:url\" content=\"https:\/\/melaniepatisserie.fr\/index.php\/perle\/\" \/>\n<meta property=\"article:modified_time\" content=\"2026-01-25T19:16:56+00:00\" \/>\n<meta name=\"twitter:card\" content=\"summary_large_image\" \/>\n<script type=\"application\/ld+json\" class=\"yoast-schema-graph\">{\"@context\":\"https:\/\/schema.org\",\"@graph\":[{\"@type\":\"Organization\",\"@id\":\"https:\/\/melaniepatisserie.fr\/#organization\",\"name\":\"M\u00e9lanie P\u00e2tisserie\",\"url\":\"https:\/\/melaniepatisserie.fr\/\",\"sameAs\":[],\"logo\":{\"@type\":\"ImageObject\",\"@id\":\"https:\/\/melaniepatisserie.fr\/#logo\",\"inLanguage\":\"fr-FR\",\"url\":\"http:\/\/melaniepatisserie.fr\/wp-content\/uploads\/2022\/04\/icone-site-internet.jpg\",\"contentUrl\":\"http:\/\/melaniepatisserie.fr\/wp-content\/uploads\/2022\/04\/icone-site-internet.jpg\",\"width\":1063,\"height\":709,\"caption\":\"M\u00e9lanie P\u00e2tisserie\"},\"image\":{\"@id\":\"https:\/\/melaniepatisserie.fr\/#logo\"}},{\"@type\":\"WebSite\",\"@id\":\"https:\/\/melaniepatisserie.fr\/#website\",\"url\":\"https:\/\/melaniepatisserie.fr\/\",\"name\":\"\",\"description\":\"\",\"publisher\":{\"@id\":\"https:\/\/melaniepatisserie.fr\/#organization\"},\"potentialAction\":[{\"@type\":\"SearchAction\",\"target\":{\"@type\":\"EntryPoint\",\"urlTemplate\":\"https:\/\/melaniepatisserie.fr\/?s={search_term_string}\"},\"query-input\":\"required name=search_term_string\"}],\"inLanguage\":\"fr-FR\"},{\"@type\":\"WebPage\",\"@id\":\"https:\/\/melaniepatisserie.fr\/index.php\/perle\/#webpage\",\"url\":\"https:\/\/melaniepatisserie.fr\/index.php\/perle\/\",\"name\":\"Perle -\",\"isPartOf\":{\"@id\":\"https:\/\/melaniepatisserie.fr\/#website\"},\"datePublished\":\"2026-01-25T19:07:29+00:00\",\"dateModified\":\"2026-01-25T19:16:56+00:00\",\"breadcrumb\":{\"@id\":\"https:\/\/melaniepatisserie.fr\/index.php\/perle\/#breadcrumb\"},\"inLanguage\":\"fr-FR\",\"potentialAction\":[{\"@type\":\"ReadAction\",\"target\":[\"https:\/\/melaniepatisserie.fr\/index.php\/perle\/\"]}]},{\"@type\":\"BreadcrumbList\",\"@id\":\"https:\/\/melaniepatisserie.fr\/index.php\/perle\/#breadcrumb\",\"itemListElement\":[{\"@type\":\"ListItem\",\"position\":1,\"name\":\"Home\",\"item\":\"https:\/\/melaniepatisserie.fr\/\"},{\"@type\":\"ListItem\",\"position\":2,\"name\":\"Perle\"}]}]}<\/script>\n<!-- \/ Yoast SEO plugin. -->","yoast_head_json":{"title":"Perle -","robots":{"index":"index","follow":"follow","max-snippet":"max-snippet:-1","max-image-preview":"max-image-preview:large","max-video-preview":"max-video-preview:-1"},"canonical":"https:\/\/melaniepatisserie.fr\/index.php\/perle\/","og_locale":"fr_FR","og_type":"article","og_title":"Perle -","og_description":"Perle - Croustillant pralin\u00e9 feuilletine- Moelleux vanille- Cr\u00e9meux vanille- Caramel \u00e0 la fleur de sel- Mousse onctueuse vanille Disponible en format individuel : 5\u20ac Taille &hellip;","og_url":"https:\/\/melaniepatisserie.fr\/index.php\/perle\/","article_modified_time":"2026-01-25T19:16:56+00:00","twitter_card":"summary_large_image","schema":{"@context":"https:\/\/schema.org","@graph":[{"@type":"Organization","@id":"https:\/\/melaniepatisserie.fr\/#organization","name":"M\u00e9lanie P\u00e2tisserie","url":"https:\/\/melaniepatisserie.fr\/","sameAs":[],"logo":{"@type":"ImageObject","@id":"https:\/\/melaniepatisserie.fr\/#logo","inLanguage":"fr-FR","url":"http:\/\/melaniepatisserie.fr\/wp-content\/uploads\/2022\/04\/icone-site-internet.jpg","contentUrl":"http:\/\/melaniepatisserie.fr\/wp-content\/uploads\/2022\/04\/icone-site-internet.jpg","width":1063,"height":709,"caption":"M\u00e9lanie P\u00e2tisserie"},"image":{"@id":"https:\/\/melaniepatisserie.fr\/#logo"}},{"@type":"WebSite","@id":"https:\/\/melaniepatisserie.fr\/#website","url":"https:\/\/melaniepatisserie.fr\/","name":"","description":"","publisher":{"@id":"https:\/\/melaniepatisserie.fr\/#organization"},"potentialAction":[{"@type":"SearchAction","target":{"@type":"EntryPoint","urlTemplate":"https:\/\/melaniepatisserie.fr\/?s={search_term_string}"},"query-input":"required name=search_term_string"}],"inLanguage":"fr-FR"},{"@type":"WebPage","@id":"https:\/\/melaniepatisserie.fr\/index.php\/perle\/#webpage","url":"https:\/\/melaniepatisserie.fr\/index.php\/perle\/","name":"Perle -","isPartOf":{"@id":"https:\/\/melaniepatisserie.fr\/#website"},"datePublished":"2026-01-25T19:07:29+00:00","dateModified":"2026-01-25T19:16:56+00:00","breadcrumb":{"@id":"https:\/\/melaniepatisserie.fr\/index.php\/perle\/#breadcrumb"},"inLanguage":"fr-FR","potentialAction":[{"@type":"ReadAction","target":["https:\/\/melaniepatisserie.fr\/index.php\/perle\/"]}]},{"@type":"BreadcrumbList","@id":"https:\/\/melaniepatisserie.fr\/index.php\/perle\/#breadcrumb","itemListElement":[{"@type":"ListItem","position":1,"name":"Home","item":"https:\/\/melaniepatisserie.fr\/"},{"@type":"ListItem","position":2,"name":"Perle"}]}]}},"_links":{"self":[{"href":"https:\/\/melaniepatisserie.fr\/index.php\/wp-json\/wp\/v2\/pages\/1970"}],"collection":[{"href":"https:\/\/melaniepatisserie.fr\/index.php\/wp-json\/wp\/v2\/pages"}],"about":[{"href":"https:\/\/melaniepatisserie.fr\/index.php\/wp-json\/wp\/v2\/types\/page"}],"author":[{"embeddable":true,"href":"https:\/\/melaniepatisserie.fr\/index.php\/wp-json\/wp\/v2\/users\/1"}],"replies":[{"embeddable":true,"href":"https:\/\/melaniepatisserie.fr\/index.php\/wp-json\/wp\/v2\/comments?post=1970"}],"version-history":[{"count":4,"href":"https:\/\/melaniepatisserie.fr\/index.php\/wp-json\/wp\/v2\/pages\/1970\/revisions"}],"predecessor-version":[{"id":1976,"href":"https:\/\/melaniepatisserie.fr\/index.php\/wp-json\/wp\/v2\/pages\/1970\/revisions\/1976"}],"wp:attachment":[{"href":"https:\/\/melaniepatisserie.fr\/index.php\/wp-json\/wp\/v2\/media?parent=1970"}],"curies":[{"name":"wp","href":"https:\/\/api.w.org\/{rel}","templated":true}]}}