{"id":1977,"date":"2026-01-25T20:17:45","date_gmt":"2026-01-25T19:17:45","guid":{"rendered":"https:\/\/melaniepatisserie.fr\/?page_id=1977"},"modified":"2026-01-25T20:52:06","modified_gmt":"2026-01-25T19:52:06","slug":"bobby","status":"publish","type":"page","link":"https:\/\/melaniepatisserie.fr\/index.php\/bobby\/","title":{"rendered":"Bobby"},"content":{"rendered":"<div class=\"\" style=\"\" >\n    \n    <section class=\"u-clearfix u-palette-1-light-2 u-section-2\" id=\"sec-737e\">\n      <div class=\"u-clearfix u-sheet u-sheet-1\">\n        <div class=\"u-image u-image-circle u-image-1\" data-image-width=\"1536\" data-image-height=\"2048\" style=\"background-image: url(&quot;http:\/\/melaniepatisserie.fr\/wp-content\/uploads\/2026\/01\/Messenger_creation_8E1E15A0-3875-42A6-BF6C-9AD931023143-1.jpeg&quot;);\"><\/div>\n        <div class=\"u-container-style u-expanded-width-sm u-expanded-width-xs u-group u-shape-rectangle u-group-1\">\n          <div class=\"u-container-layout u-container-layout-1\">\n            <h2 class=\"u-align-left u-custom-font u-font-oswald u-text u-text-1\">Bobby<\/h2>\n            <p class=\"u-align-justify u-text u-text-2\">- Cookie cacahu\u00e8tes grill\u00e9es, duo de chocolat<br>- Ganache mont\u00e9e chocolat noir<br>- Cr\u00e9meux cacahu\u00e8te<br>- Cacahu\u00e8tes caram\u00e9lis\u00e9es<br>- Pralin\u00e9 cacahu\u00e8te\n            <\/p>\n            <p class=\"u-align-left u-text u-text-3\">\n              <font style=\"vertical-align: inherit;\">\n                <font style=\"vertical-align: inherit;\">\n                  <font style=\"vertical-align: inherit;\">\n                    <font style=\"vertical-align: inherit;\">\n                      <font style=\"vertical-align: inherit;\">\n                        <font style=\"vertical-align: inherit;\">\n                          <font style=\"vertical-align: inherit;\">\n                            <font style=\"vertical-align: inherit;\">Disponible en format individuel : 5\u20ac <\/font>\n                          <\/font>\n                        <\/font>\n                      <\/font>\n                    <\/font>\n                  <\/font>\n                <\/font>\n              <\/font>\n              <br>\n              <br>\n              <br>\n              <font style=\"vertical-align: inherit;\">\n                <font style=\"vertical-align: inherit;\">\n                  <font style=\"vertical-align: inherit;\">\n                    <font style=\"vertical-align: inherit;\">\n                      <font style=\"vertical-align: inherit;\">\n                        <font style=\"vertical-align: inherit;\">\n                          <font style=\"vertical-align: inherit;\">\n                            <font style=\"vertical-align: inherit;\">3 parts: 15\u20ac<br>6 parts: 30\u20ac \n                            <\/font>\n                          <\/font>\n                        <\/font>\n                      <\/font>\n                    <\/font>\n                  <\/font>\n                <\/font>\n              <\/font>\n              <br>\n              <font style=\"vertical-align: inherit;\">\n                <font style=\"vertical-align: inherit;\">\n                  <font style=\"vertical-align: inherit;\">\n                    <font style=\"vertical-align: inherit;\">\n                      <font style=\"vertical-align: inherit;\">\n                        <font style=\"vertical-align: inherit;\">\n                          <font style=\"vertical-align: inherit;\">\n                            <font style=\"vertical-align: inherit;\">8 parts: 40\u20ac <\/font>\n                          <\/font>\n                        <\/font>\n                      <\/font>\n                    <\/font>\n                  <\/font>\n                <\/font>\n              <\/font>\n              <br>\n              <font style=\"vertical-align: inherit;\">\n                <font style=\"vertical-align: inherit;\">\n                  <font style=\"vertical-align: inherit;\">\n                    <font style=\"vertical-align: inherit;\">\n                      <font style=\"vertical-align: inherit;\">\n                        <font style=\"vertical-align: inherit;\">\n                          <font style=\"vertical-align: inherit;\">\n                            <font style=\"vertical-align: inherit;\">10 parts: 50\u20ac<\/font>\n                          <\/font>\n                        <\/font>\n                      <\/font>\n                    <\/font>\n                  <\/font>\n                <\/font>\n              <\/font>\n              <br>\n              <br>\n            <\/p>\n          <\/div>\n        <\/div>\n        <div class=\"u-image u-image-circle u-preserve-proportions u-image-2\" data-image-width=\"1536\" data-image-height=\"2047\" style=\"background-image: url(&quot;http:\/\/melaniepatisserie.fr\/wp-content\/uploads\/2026\/01\/Messenger_creation_7ACFE198-55C0-4553-B65A-E8DC94F3B396-2.jpeg&quot;);\"><\/div>\n        <div class=\"u-image u-image-circle u-image-3\" data-image-width=\"1536\" data-image-height=\"2048\" style=\"background-image: url(&quot;http:\/\/melaniepatisserie.fr\/wp-content\/uploads\/2026\/01\/Messenger_creation_78EDBBF5-05AB-4143-9E19-7D078C5C8227.jpeg&quot;);\"><\/div>\n        <div class=\"u-align-right u-image u-image-circle u-preserve-proportions u-image-4\" alt=\"\" data-image-width=\"1536\" data-image-height=\"2048\" style=\"background-image: url(&quot;http:\/\/melaniepatisserie.fr\/wp-content\/uploads\/2026\/01\/Messenger_creation_7FCCA470-A74A-40D6-84FF-98D17033EF0B-2.jpeg&quot;);\"><\/div>\n      <\/div>\n    <\/section>\n    <section class=\"u-clearfix u-image u-shading u-section-3\" id=\"sec-8d1c\" data-image-width=\"1536\" data-image-height=\"2048\" style=\"background-image: linear-gradient(0deg, rgba(250, 246, 243, 0.7), rgba(250, 246, 243, 0.7)), url(&quot;http:\/\/melaniepatisserie.fr\/wp-content\/uploads\/2026\/01\/Messenger_creation_8E1E15A0-3875-42A6-BF6C-9AD931023143-1.jpeg&quot;);\">\n      <div class=\"u-clearfix u-sheet u-valign-bottom u-sheet-1\"><\/div>\n    <\/section>\n    \n    \n    \n  \n<\/div>","protected":false},"excerpt":{"rendered":"<p>Bobby &#8211; Cookie cacahu\u00e8tes grill\u00e9es, duo de chocolat- Ganache mont\u00e9e chocolat noir- Cr\u00e9meux cacahu\u00e8te- Cacahu\u00e8tes caram\u00e9lis\u00e9es- Pralin\u00e9 cacahu\u00e8te Disponible en format individuel : 5\u20ac 3 &hellip; <\/p>\n","protected":false},"author":1,"featured_media":0,"parent":0,"menu_order":0,"comment_status":"closed","ping_status":"closed","template":"","meta":[],"yoast_head":"<!-- This site is optimized with the Yoast SEO plugin v18.5.1 - https:\/\/yoast.com\/wordpress\/plugins\/seo\/ -->\n<title>Bobby -<\/title>\n<meta name=\"robots\" content=\"index, follow, max-snippet:-1, max-image-preview:large, max-video-preview:-1\" \/>\n<link rel=\"canonical\" href=\"https:\/\/melaniepatisserie.fr\/index.php\/bobby\/\" \/>\n<meta property=\"og:locale\" content=\"fr_FR\" \/>\n<meta property=\"og:type\" content=\"article\" \/>\n<meta property=\"og:title\" content=\"Bobby -\" \/>\n<meta property=\"og:description\" content=\"Bobby - Cookie cacahu\u00e8tes grill\u00e9es, duo de chocolat- Ganache mont\u00e9e chocolat noir- Cr\u00e9meux cacahu\u00e8te- Cacahu\u00e8tes caram\u00e9lis\u00e9es- Pralin\u00e9 cacahu\u00e8te Disponible en format individuel : 5\u20ac 3 &hellip;\" \/>\n<meta property=\"og:url\" content=\"https:\/\/melaniepatisserie.fr\/index.php\/bobby\/\" \/>\n<meta property=\"article:modified_time\" content=\"2026-01-25T19:52:06+00:00\" \/>\n<meta name=\"twitter:card\" content=\"summary_large_image\" \/>\n<script type=\"application\/ld+json\" class=\"yoast-schema-graph\">{\"@context\":\"https:\/\/schema.org\",\"@graph\":[{\"@type\":\"Organization\",\"@id\":\"https:\/\/melaniepatisserie.fr\/#organization\",\"name\":\"M\u00e9lanie P\u00e2tisserie\",\"url\":\"https:\/\/melaniepatisserie.fr\/\",\"sameAs\":[],\"logo\":{\"@type\":\"ImageObject\",\"@id\":\"https:\/\/melaniepatisserie.fr\/#logo\",\"inLanguage\":\"fr-FR\",\"url\":\"http:\/\/melaniepatisserie.fr\/wp-content\/uploads\/2022\/04\/icone-site-internet.jpg\",\"contentUrl\":\"http:\/\/melaniepatisserie.fr\/wp-content\/uploads\/2022\/04\/icone-site-internet.jpg\",\"width\":1063,\"height\":709,\"caption\":\"M\u00e9lanie P\u00e2tisserie\"},\"image\":{\"@id\":\"https:\/\/melaniepatisserie.fr\/#logo\"}},{\"@type\":\"WebSite\",\"@id\":\"https:\/\/melaniepatisserie.fr\/#website\",\"url\":\"https:\/\/melaniepatisserie.fr\/\",\"name\":\"\",\"description\":\"\",\"publisher\":{\"@id\":\"https:\/\/melaniepatisserie.fr\/#organization\"},\"potentialAction\":[{\"@type\":\"SearchAction\",\"target\":{\"@type\":\"EntryPoint\",\"urlTemplate\":\"https:\/\/melaniepatisserie.fr\/?s={search_term_string}\"},\"query-input\":\"required name=search_term_string\"}],\"inLanguage\":\"fr-FR\"},{\"@type\":\"WebPage\",\"@id\":\"https:\/\/melaniepatisserie.fr\/index.php\/bobby\/#webpage\",\"url\":\"https:\/\/melaniepatisserie.fr\/index.php\/bobby\/\",\"name\":\"Bobby -\",\"isPartOf\":{\"@id\":\"https:\/\/melaniepatisserie.fr\/#website\"},\"datePublished\":\"2026-01-25T19:17:45+00:00\",\"dateModified\":\"2026-01-25T19:52:06+00:00\",\"breadcrumb\":{\"@id\":\"https:\/\/melaniepatisserie.fr\/index.php\/bobby\/#breadcrumb\"},\"inLanguage\":\"fr-FR\",\"potentialAction\":[{\"@type\":\"ReadAction\",\"target\":[\"https:\/\/melaniepatisserie.fr\/index.php\/bobby\/\"]}]},{\"@type\":\"BreadcrumbList\",\"@id\":\"https:\/\/melaniepatisserie.fr\/index.php\/bobby\/#breadcrumb\",\"itemListElement\":[{\"@type\":\"ListItem\",\"position\":1,\"name\":\"Home\",\"item\":\"https:\/\/melaniepatisserie.fr\/\"},{\"@type\":\"ListItem\",\"position\":2,\"name\":\"Bobby\"}]}]}<\/script>\n<!-- \/ Yoast SEO plugin. -->","yoast_head_json":{"title":"Bobby -","robots":{"index":"index","follow":"follow","max-snippet":"max-snippet:-1","max-image-preview":"max-image-preview:large","max-video-preview":"max-video-preview:-1"},"canonical":"https:\/\/melaniepatisserie.fr\/index.php\/bobby\/","og_locale":"fr_FR","og_type":"article","og_title":"Bobby -","og_description":"Bobby - Cookie cacahu\u00e8tes grill\u00e9es, duo de chocolat- Ganache mont\u00e9e chocolat noir- Cr\u00e9meux cacahu\u00e8te- Cacahu\u00e8tes caram\u00e9lis\u00e9es- Pralin\u00e9 cacahu\u00e8te Disponible en format individuel : 5\u20ac 3 &hellip;","og_url":"https:\/\/melaniepatisserie.fr\/index.php\/bobby\/","article_modified_time":"2026-01-25T19:52:06+00:00","twitter_card":"summary_large_image","schema":{"@context":"https:\/\/schema.org","@graph":[{"@type":"Organization","@id":"https:\/\/melaniepatisserie.fr\/#organization","name":"M\u00e9lanie P\u00e2tisserie","url":"https:\/\/melaniepatisserie.fr\/","sameAs":[],"logo":{"@type":"ImageObject","@id":"https:\/\/melaniepatisserie.fr\/#logo","inLanguage":"fr-FR","url":"http:\/\/melaniepatisserie.fr\/wp-content\/uploads\/2022\/04\/icone-site-internet.jpg","contentUrl":"http:\/\/melaniepatisserie.fr\/wp-content\/uploads\/2022\/04\/icone-site-internet.jpg","width":1063,"height":709,"caption":"M\u00e9lanie P\u00e2tisserie"},"image":{"@id":"https:\/\/melaniepatisserie.fr\/#logo"}},{"@type":"WebSite","@id":"https:\/\/melaniepatisserie.fr\/#website","url":"https:\/\/melaniepatisserie.fr\/","name":"","description":"","publisher":{"@id":"https:\/\/melaniepatisserie.fr\/#organization"},"potentialAction":[{"@type":"SearchAction","target":{"@type":"EntryPoint","urlTemplate":"https:\/\/melaniepatisserie.fr\/?s={search_term_string}"},"query-input":"required name=search_term_string"}],"inLanguage":"fr-FR"},{"@type":"WebPage","@id":"https:\/\/melaniepatisserie.fr\/index.php\/bobby\/#webpage","url":"https:\/\/melaniepatisserie.fr\/index.php\/bobby\/","name":"Bobby -","isPartOf":{"@id":"https:\/\/melaniepatisserie.fr\/#website"},"datePublished":"2026-01-25T19:17:45+00:00","dateModified":"2026-01-25T19:52:06+00:00","breadcrumb":{"@id":"https:\/\/melaniepatisserie.fr\/index.php\/bobby\/#breadcrumb"},"inLanguage":"fr-FR","potentialAction":[{"@type":"ReadAction","target":["https:\/\/melaniepatisserie.fr\/index.php\/bobby\/"]}]},{"@type":"BreadcrumbList","@id":"https:\/\/melaniepatisserie.fr\/index.php\/bobby\/#breadcrumb","itemListElement":[{"@type":"ListItem","position":1,"name":"Home","item":"https:\/\/melaniepatisserie.fr\/"},{"@type":"ListItem","position":2,"name":"Bobby"}]}]}},"_links":{"self":[{"href":"https:\/\/melaniepatisserie.fr\/index.php\/wp-json\/wp\/v2\/pages\/1977"}],"collection":[{"href":"https:\/\/melaniepatisserie.fr\/index.php\/wp-json\/wp\/v2\/pages"}],"about":[{"href":"https:\/\/melaniepatisserie.fr\/index.php\/wp-json\/wp\/v2\/types\/page"}],"author":[{"embeddable":true,"href":"https:\/\/melaniepatisserie.fr\/index.php\/wp-json\/wp\/v2\/users\/1"}],"replies":[{"embeddable":true,"href":"https:\/\/melaniepatisserie.fr\/index.php\/wp-json\/wp\/v2\/comments?post=1977"}],"version-history":[{"count":4,"href":"https:\/\/melaniepatisserie.fr\/index.php\/wp-json\/wp\/v2\/pages\/1977\/revisions"}],"predecessor-version":[{"id":1986,"href":"https:\/\/melaniepatisserie.fr\/index.php\/wp-json\/wp\/v2\/pages\/1977\/revisions\/1986"}],"wp:attachment":[{"href":"https:\/\/melaniepatisserie.fr\/index.php\/wp-json\/wp\/v2\/media?parent=1977"}],"curies":[{"name":"wp","href":"https:\/\/api.w.org\/{rel}","templated":true}]}}