{"id":275,"date":"2022-01-28T16:23:16","date_gmt":"2022-01-28T15:23:16","guid":{"rendered":"http:\/\/melaniepatisserie.fr\/?page_id=275"},"modified":"2025-10-07T23:24:22","modified_gmt":"2025-10-07T21:24:22","slug":"les-mignardises-2","status":"publish","type":"page","link":"https:\/\/melaniepatisserie.fr\/index.php\/les-mignardises-2\/","title":{"rendered":"Les Mignardises"},"content":{"rendered":"<div class=\"\" style=\"\" >\n    \n    <section class=\"u-clearfix u-palette-1-light-3 u-section-2\" id=\"sec-70f8\">\n      <div class=\"u-clearfix u-sheet u-sheet-1\">\n        <img class=\"u-image u-image-default u-image-1\" src=\"http:\/\/melaniepatisserie.fr\/wp-content\/uploads\/2025\/10\/Messenger_creation_56E00C09-E6F2-4D7A-872B-7DFA63ECBD2C-1.jpeg\" alt=\"\" data-image-width=\"768\" data-image-height=\"1024\">\n        <h3 class=\"u-align-center u-text u-text-default u-text-1\">\n          <font style=\"vertical-align: inherit;\">\n            <font style=\"vertical-align: inherit;\">\n              <font style=\"vertical-align: inherit;\">\n                <font style=\"vertical-align: inherit;\">\n                  <font style=\"vertical-align: inherit;\">\n                    <font style=\"vertical-align: inherit;\">Les mignardises<\/font>\n                  <\/font>\n                <\/font>\n              <\/font>\n            <\/font>\n          <\/font>\n        <\/h3>\n        <h1 class=\"u-align-justify u-text u-text-2\">\n          <font style=\"vertical-align: inherit;\">\n            <font style=\"vertical-align: inherit;\">\n              <font style=\"vertical-align: inherit;\">\n                <font style=\"vertical-align: inherit;\">\n                  <font style=\"vertical-align: inherit;\">\n                    <font style=\"vertical-align: inherit;\">Pour vos cocktails, buffets, ou pour accompagner votre dessert, choisissez votre assortiment de mignardises parmi un large choix.<\/font>\n                  <\/font>\n                <\/font>\n              <\/font>\n            <\/font>\n          <\/font>\n          <br>\n        <\/h1>\n        <img class=\"u-image u-image-default u-image-2\" src=\"http:\/\/melaniepatisserie.fr\/wp-content\/uploads\/2025\/10\/Messenger_creation_2ED4B45C-1825-4E6A-B55C-F6CF51C312CB-1.jpeg\" alt=\"\" data-image-width=\"768\" data-image-height=\"1024\">\n      <\/div>\n    <\/section>\n    <section class=\"u-align-center u-clearfix u-palette-1-light-2 u-section-3\" id=\"sec-0ac6\">\n      <div class=\"u-clearfix u-sheet u-valign-middle-xs u-sheet-1\">\n        <h2 class=\"u-align-left u-custom-font u-font-lato u-subtitle u-text u-text-1\">\n          <font style=\"vertical-align: inherit;\">\n            <font style=\"vertical-align: inherit;\"> D\u00e9couvrez les assortiments de saison en plateau d\u00e9gustation de 45 ou 20 pi\u00e8ces,&nbsp; <\/font>\n          <\/font>\n          <br>\n          <font style=\"vertical-align: inherit;\">\n            <font style=\"vertical-align: inherit;\">ou bien \u00e0 l'unit\u00e9.<\/font>\n          <\/font>\n        <\/h2>\n        <div class=\"u-expanded-width u-list u-list-1\">\n          <div class=\"u-repeater u-repeater-1\">\n            <div class=\"u-align-center u-container-style u-list-item u-repeater-item\">\n              <div class=\"u-container-layout u-similar-container u-valign-top-lg u-valign-top-md u-valign-top-sm u-valign-top-xl u-container-layout-1\">\n                <img alt=\"\" class=\"u-expanded-width u-image u-image-default u-image-1\" data-image-width=\"1991\" data-image-height=\"1490\" src=\"https:\/\/melaniepatisserie.fr\/wp-content\/uploads\/2023\/10\/received_3547711758817269.jpeg\">\n                <h5 class=\"u-text u-text-2\">\n                  <font style=\"vertical-align: inherit;\">\n                    <font style=\"vertical-align: inherit;\">Plateau d\u00e9gustation 45 pi\u00e8ces<\/font>\n                  <\/font>\n                <\/h5>\n                <p class=\"u-text u-text-3\">\n                  <font style=\"vertical-align: inherit;\">\n                    <font style=\"vertical-align: inherit;\">65\u20ac<\/font>\n                  <\/font>\n                <\/p>\n              <\/div>\n            <\/div>\n            <div class=\"u-align-center u-container-style u-list-item u-repeater-item\">\n              <div class=\"u-container-layout u-similar-container u-valign-top-lg u-valign-top-md u-valign-top-sm u-valign-top-xl u-container-layout-2\">\n                <img alt=\"\" class=\"u-expanded-width u-image u-image-default u-image-2\" data-image-width=\"1740\" data-image-height=\"1302\" src=\"https:\/\/melaniepatisserie.fr\/wp-content\/uploads\/2023\/10\/received_835648028346565.jpeg\">\n                <h5 class=\"u-text u-text-4\">\n                  <font style=\"vertical-align: inherit;\">\n                    <font style=\"vertical-align: inherit;\"> Plateau d\u00e9gustation 20 pi\u00e8ces<\/font>\n                  <\/font>\n                <\/h5>\n                <p class=\"u-text u-text-5\">\n                  <font style=\"vertical-align: inherit;\">\n                    <font style=\"vertical-align: inherit;\">30\u20ac<\/font>\n                  <\/font>\n                <\/p>\n              <\/div>\n            <\/div>\n          <\/div>\n        <\/div>\n        <h2 class=\"u-align-center u-subtitle u-text u-text-6\">\n          <font style=\"vertical-align: inherit;\">\n            <font style=\"vertical-align: inherit;\">Les plateaux sont confectionn\u00e9s en fonction des parfums de saison. Si vous avez des allergies ou des parfums \u00e0 \u00e9viter, merci de le signaler lors de la prise de commande.<\/font>\n          <\/font>\n          <br>\n        <\/h2>\n      <\/div>\n    <\/section>\n    \n    \n    \n  \n<\/div>","protected":false},"excerpt":{"rendered":"<p>Les mignardises Pour vos cocktails, buffets, ou pour accompagner votre dessert, choisissez votre assortiment de mignardises parmi un large choix. D\u00e9couvrez les assortiments de saison &hellip; <\/p>\n","protected":false},"author":1,"featured_media":0,"parent":0,"menu_order":0,"comment_status":"closed","ping_status":"closed","template":"","meta":[],"yoast_head":"<!-- This site is optimized with the Yoast SEO plugin v18.5.1 - https:\/\/yoast.com\/wordpress\/plugins\/seo\/ -->\n<title>Les Mignardises -<\/title>\n<meta name=\"robots\" content=\"index, follow, max-snippet:-1, max-image-preview:large, max-video-preview:-1\" \/>\n<link rel=\"canonical\" href=\"https:\/\/melaniepatisserie.fr\/index.php\/les-mignardises-2\/\" \/>\n<meta property=\"og:locale\" content=\"fr_FR\" \/>\n<meta property=\"og:type\" content=\"article\" \/>\n<meta property=\"og:title\" content=\"Les Mignardises -\" \/>\n<meta property=\"og:description\" content=\"Les mignardises Pour vos cocktails, buffets, ou pour accompagner votre dessert, choisissez votre assortiment de mignardises parmi un large choix. D\u00e9couvrez les assortiments de saison &hellip;\" \/>\n<meta property=\"og:url\" content=\"https:\/\/melaniepatisserie.fr\/index.php\/les-mignardises-2\/\" \/>\n<meta property=\"article:modified_time\" content=\"2025-10-07T21:24:22+00:00\" \/>\n<meta name=\"twitter:card\" content=\"summary_large_image\" \/>\n<script type=\"application\/ld+json\" class=\"yoast-schema-graph\">{\"@context\":\"https:\/\/schema.org\",\"@graph\":[{\"@type\":\"Organization\",\"@id\":\"https:\/\/melaniepatisserie.fr\/#organization\",\"name\":\"M\u00e9lanie P\u00e2tisserie\",\"url\":\"https:\/\/melaniepatisserie.fr\/\",\"sameAs\":[],\"logo\":{\"@type\":\"ImageObject\",\"@id\":\"https:\/\/melaniepatisserie.fr\/#logo\",\"inLanguage\":\"fr-FR\",\"url\":\"http:\/\/melaniepatisserie.fr\/wp-content\/uploads\/2022\/04\/icone-site-internet.jpg\",\"contentUrl\":\"http:\/\/melaniepatisserie.fr\/wp-content\/uploads\/2022\/04\/icone-site-internet.jpg\",\"width\":1063,\"height\":709,\"caption\":\"M\u00e9lanie P\u00e2tisserie\"},\"image\":{\"@id\":\"https:\/\/melaniepatisserie.fr\/#logo\"}},{\"@type\":\"WebSite\",\"@id\":\"https:\/\/melaniepatisserie.fr\/#website\",\"url\":\"https:\/\/melaniepatisserie.fr\/\",\"name\":\"\",\"description\":\"\",\"publisher\":{\"@id\":\"https:\/\/melaniepatisserie.fr\/#organization\"},\"potentialAction\":[{\"@type\":\"SearchAction\",\"target\":{\"@type\":\"EntryPoint\",\"urlTemplate\":\"https:\/\/melaniepatisserie.fr\/?s={search_term_string}\"},\"query-input\":\"required name=search_term_string\"}],\"inLanguage\":\"fr-FR\"},{\"@type\":\"WebPage\",\"@id\":\"https:\/\/melaniepatisserie.fr\/index.php\/les-mignardises-2\/#webpage\",\"url\":\"https:\/\/melaniepatisserie.fr\/index.php\/les-mignardises-2\/\",\"name\":\"Les Mignardises -\",\"isPartOf\":{\"@id\":\"https:\/\/melaniepatisserie.fr\/#website\"},\"datePublished\":\"2022-01-28T15:23:16+00:00\",\"dateModified\":\"2025-10-07T21:24:22+00:00\",\"breadcrumb\":{\"@id\":\"https:\/\/melaniepatisserie.fr\/index.php\/les-mignardises-2\/#breadcrumb\"},\"inLanguage\":\"fr-FR\",\"potentialAction\":[{\"@type\":\"ReadAction\",\"target\":[\"https:\/\/melaniepatisserie.fr\/index.php\/les-mignardises-2\/\"]}]},{\"@type\":\"BreadcrumbList\",\"@id\":\"https:\/\/melaniepatisserie.fr\/index.php\/les-mignardises-2\/#breadcrumb\",\"itemListElement\":[{\"@type\":\"ListItem\",\"position\":1,\"name\":\"Home\",\"item\":\"https:\/\/melaniepatisserie.fr\/\"},{\"@type\":\"ListItem\",\"position\":2,\"name\":\"Les Mignardises\"}]}]}<\/script>\n<!-- \/ Yoast SEO plugin. -->","yoast_head_json":{"title":"Les Mignardises -","robots":{"index":"index","follow":"follow","max-snippet":"max-snippet:-1","max-image-preview":"max-image-preview:large","max-video-preview":"max-video-preview:-1"},"canonical":"https:\/\/melaniepatisserie.fr\/index.php\/les-mignardises-2\/","og_locale":"fr_FR","og_type":"article","og_title":"Les Mignardises -","og_description":"Les mignardises Pour vos cocktails, buffets, ou pour accompagner votre dessert, choisissez votre assortiment de mignardises parmi un large choix. D\u00e9couvrez les assortiments de saison &hellip;","og_url":"https:\/\/melaniepatisserie.fr\/index.php\/les-mignardises-2\/","article_modified_time":"2025-10-07T21:24:22+00:00","twitter_card":"summary_large_image","schema":{"@context":"https:\/\/schema.org","@graph":[{"@type":"Organization","@id":"https:\/\/melaniepatisserie.fr\/#organization","name":"M\u00e9lanie P\u00e2tisserie","url":"https:\/\/melaniepatisserie.fr\/","sameAs":[],"logo":{"@type":"ImageObject","@id":"https:\/\/melaniepatisserie.fr\/#logo","inLanguage":"fr-FR","url":"http:\/\/melaniepatisserie.fr\/wp-content\/uploads\/2022\/04\/icone-site-internet.jpg","contentUrl":"http:\/\/melaniepatisserie.fr\/wp-content\/uploads\/2022\/04\/icone-site-internet.jpg","width":1063,"height":709,"caption":"M\u00e9lanie P\u00e2tisserie"},"image":{"@id":"https:\/\/melaniepatisserie.fr\/#logo"}},{"@type":"WebSite","@id":"https:\/\/melaniepatisserie.fr\/#website","url":"https:\/\/melaniepatisserie.fr\/","name":"","description":"","publisher":{"@id":"https:\/\/melaniepatisserie.fr\/#organization"},"potentialAction":[{"@type":"SearchAction","target":{"@type":"EntryPoint","urlTemplate":"https:\/\/melaniepatisserie.fr\/?s={search_term_string}"},"query-input":"required name=search_term_string"}],"inLanguage":"fr-FR"},{"@type":"WebPage","@id":"https:\/\/melaniepatisserie.fr\/index.php\/les-mignardises-2\/#webpage","url":"https:\/\/melaniepatisserie.fr\/index.php\/les-mignardises-2\/","name":"Les Mignardises -","isPartOf":{"@id":"https:\/\/melaniepatisserie.fr\/#website"},"datePublished":"2022-01-28T15:23:16+00:00","dateModified":"2025-10-07T21:24:22+00:00","breadcrumb":{"@id":"https:\/\/melaniepatisserie.fr\/index.php\/les-mignardises-2\/#breadcrumb"},"inLanguage":"fr-FR","potentialAction":[{"@type":"ReadAction","target":["https:\/\/melaniepatisserie.fr\/index.php\/les-mignardises-2\/"]}]},{"@type":"BreadcrumbList","@id":"https:\/\/melaniepatisserie.fr\/index.php\/les-mignardises-2\/#breadcrumb","itemListElement":[{"@type":"ListItem","position":1,"name":"Home","item":"https:\/\/melaniepatisserie.fr\/"},{"@type":"ListItem","position":2,"name":"Les Mignardises"}]}]}},"_links":{"self":[{"href":"https:\/\/melaniepatisserie.fr\/index.php\/wp-json\/wp\/v2\/pages\/275"}],"collection":[{"href":"https:\/\/melaniepatisserie.fr\/index.php\/wp-json\/wp\/v2\/pages"}],"about":[{"href":"https:\/\/melaniepatisserie.fr\/index.php\/wp-json\/wp\/v2\/types\/page"}],"author":[{"embeddable":true,"href":"https:\/\/melaniepatisserie.fr\/index.php\/wp-json\/wp\/v2\/users\/1"}],"replies":[{"embeddable":true,"href":"https:\/\/melaniepatisserie.fr\/index.php\/wp-json\/wp\/v2\/comments?post=275"}],"version-history":[{"count":31,"href":"https:\/\/melaniepatisserie.fr\/index.php\/wp-json\/wp\/v2\/pages\/275\/revisions"}],"predecessor-version":[{"id":1876,"href":"https:\/\/melaniepatisserie.fr\/index.php\/wp-json\/wp\/v2\/pages\/275\/revisions\/1876"}],"wp:attachment":[{"href":"https:\/\/melaniepatisserie.fr\/index.php\/wp-json\/wp\/v2\/media?parent=275"}],"curies":[{"name":"wp","href":"https:\/\/api.w.org\/{rel}","templated":true}]}}