{"id":529,"date":"2022-03-23T21:09:52","date_gmt":"2022-03-23T20:09:52","guid":{"rendered":"http:\/\/melaniepatisserie.fr\/?page_id=529"},"modified":"2022-03-23T21:09:59","modified_gmt":"2022-03-23T20:09:59","slug":"les-intemporels","status":"publish","type":"page","link":"https:\/\/melaniepatisserie.fr\/index.php\/les-intemporels\/","title":{"rendered":"Les intemporels"},"content":{"rendered":"<div class=\"\" style=\"\" >\n    \n    <section class=\"u-clearfix u-palette-1-light-3 u-section-2\" id=\"sec-47ec\">\n      <div class=\"u-clearfix u-sheet u-valign-middle-md u-sheet-1\">\n        <h3 class=\"u-text u-text-default u-text-1\">\n          <font style=\"vertical-align: inherit;\">\n            <font style=\"vertical-align: inherit;\">Les intemporels<\/font>\n          <\/font>\n        <\/h3>\n        <p class=\"u-align-justify-sm u-align-justify-xs u-text u-text-2\">\n          <font style=\"vertical-align: inherit;\">\n            <font style=\"vertical-align: inherit;\">Tout au long de l'ann\u00e9e, retrouvez des parfums classiques et incontournables, fruit\u00e9s ou gourmands, il y en a pour tous les go\u00fbts.!<\/font>\n          <\/font>\n          <br>\n        <\/p>\n        <img class=\"u-image u-image-1\" src=\"https:\/\/melaniepatisserie.fr\/wp-content\/uploads\/2022\/03\/received_1315476265618238.jpeg\" data-image-width=\"1836\" data-image-height=\"1834\">\n        <h6 class=\"u-align-justify-sm u-align-justify-xs u-text u-text-3\">\n          <font style=\"vertical-align: inherit;\">\n            <font style=\"vertical-align: inherit;\">\n              <font style=\"vertical-align: inherit;\">\n                <font style=\"vertical-align: inherit;\"> - c\u00e9drat <\/font>\n              <\/font>\n            <\/font>\n          <\/font>\n          <br>\n          <font style=\"vertical-align: inherit;\">\n            <font style=\"vertical-align: inherit;\">\n              <font style=\"vertical-align: inherit;\">\n                <font style=\"vertical-align: inherit;\">- framboise <\/font>\n              <\/font>\n            <\/font>\n          <\/font>\n          <br>\n          <font style=\"vertical-align: inherit;\">\n            <font style=\"vertical-align: inherit;\">\n              <font style=\"vertical-align: inherit;\">\n                <font style=\"vertical-align: inherit;\">- noix de coco <\/font>\n              <\/font>\n            <\/font>\n          <\/font>\n          <br>\n          <font style=\"vertical-align: inherit;\">\n            <font style=\"vertical-align: inherit;\">\n              <font style=\"vertical-align: inherit;\">\n                <font style=\"vertical-align: inherit;\">- ganache chocolat noir 70% <\/font>\n              <\/font>\n            <\/font>\n          <\/font>\n          <br>\n          <font style=\"vertical-align: inherit;\">\n            <font style=\"vertical-align: inherit;\">\n              <font style=\"vertical-align: inherit;\">\n                <font style=\"vertical-align: inherit;\">- pralin\u00e9 amande-noisette <\/font>\n              <\/font>\n            <\/font>\n          <\/font>\n          <br>\n          <font style=\"vertical-align: inherit;\">\n            <font style=\"vertical-align: inherit;\">\n              <font style=\"vertical-align: inherit;\">\n                <font style=\"vertical-align: inherit;\">- vanille bourbon <\/font>\n              <\/font>\n            <\/font>\n          <\/font>\n          <br>\n          <font style=\"vertical-align: inherit;\">\n            <font style=\"vertical-align: inherit;\">\n              <font style=\"vertical-align: inherit;\">\n                <font style=\"vertical-align: inherit;\">- caramel au beurre sal\u00e9 <\/font>\n              <\/font>\n            <\/font>\n          <\/font>\n          <br>\n          <font style=\"vertical-align: inherit;\">\n            <font style=\"vertical-align: inherit;\">\n              <font style=\"vertical-align: inherit;\">\n                <font style=\"vertical-align: inherit;\">- sp\u00e9culoos <\/font>\n              <\/font>\n            <\/font>\n          <\/font>\n          <br>\n          <font style=\"vertical-align: inherit;\">\n            <font style=\"vertical-align: inherit;\">\n              <font style=\"vertical-align: inherit;\">\n                <font style=\"vertical-align: inherit;\">- p\u00e2te \u00e0 tartiner<\/font>\n              <\/font>\n            <\/font>\n          <\/font>\n        <\/h6>\n        <p class=\"u-text u-text-4\">\n          <font style=\"vertical-align: inherit;\">\n            <font style=\"vertical-align: inherit;\">Les macarons sont disponibles \u00e0 l'unit\u00e9 : 1\u20ac pi\u00e8ce <\/font>\n          <\/font>\n          <br>\n          <br>\n          <font style=\"vertical-align: inherit;\">\n            <font style=\"vertical-align: inherit;\">Coffrets <\/font>\n          <\/font>\n          <br>\n          <font style=\"vertical-align: inherit;\">\n            <font style=\"vertical-align: inherit;\">9 macarons : 10\u20ac <\/font>\n          <\/font>\n          <br>\n          <font style=\"vertical-align: inherit;\">\n            <font style=\"vertical-align: inherit;\">12 macarons : 12\u20ac <\/font>\n          <\/font>\n          <br>\n          <font style=\"vertical-align: inherit;\">\n            <font style=\"vertical-align: inherit;\">20 macarons : 20\u20ac<\/font>\n          <\/font>\n        <\/p>\n      <\/div>\n    <\/section>\n    <section class=\"u-clearfix u-palette-1-light-3 u-section-3\" id=\"sec-a40a\">\n      <div class=\"u-clearfix u-sheet u-sheet-1\">\n        <img class=\"u-image u-image-default u-image-1\" src=\"https:\/\/melaniepatisserie.fr\/wp-content\/uploads\/2022\/03\/received_497464418427232.jpeg\" alt=\"\" data-image-width=\"1411\" data-image-height=\"1727\">\n        <img class=\"u-image u-image-default u-image-2\" src=\"https:\/\/melaniepatisserie.fr\/wp-content\/uploads\/2022\/03\/received_3160616560894685-1.jpeg\" alt=\"\" data-image-width=\"1269\" data-image-height=\"2011\">\n        <img class=\"u-expanded-width-lg u-expanded-width-md u-expanded-width-sm u-expanded-width-xs u-image u-image-default u-image-3\" src=\"https:\/\/melaniepatisserie.fr\/wp-content\/uploads\/2022\/03\/received_2395959403879506.jpeg\" alt=\"\" data-image-width=\"1936\" data-image-height=\"915\">\n      <\/div>\n    <\/section>\n    \n    \n    \n  \n<\/div>","protected":false},"excerpt":{"rendered":"<p>Les intemporels Tout au long de l&rsquo;ann\u00e9e, retrouvez des parfums classiques et incontournables, fruit\u00e9s ou gourmands, il y en a pour tous les go\u00fbts.! &#8211; &hellip; <\/p>\n","protected":false},"author":1,"featured_media":0,"parent":0,"menu_order":0,"comment_status":"closed","ping_status":"closed","template":"","meta":[],"yoast_head":"<!-- This site is optimized with the Yoast SEO plugin v18.5.1 - https:\/\/yoast.com\/wordpress\/plugins\/seo\/ -->\n<title>Les intemporels -<\/title>\n<meta name=\"robots\" content=\"index, follow, max-snippet:-1, max-image-preview:large, max-video-preview:-1\" \/>\n<link rel=\"canonical\" href=\"http:\/\/melaniepatisserie.fr\/index.php\/les-intemporels\/\" \/>\n<meta property=\"og:locale\" content=\"fr_FR\" \/>\n<meta property=\"og:type\" content=\"article\" \/>\n<meta property=\"og:title\" content=\"Les intemporels -\" \/>\n<meta property=\"og:description\" content=\"Les intemporels Tout au long de l&#039;ann\u00e9e, retrouvez des parfums classiques et incontournables, fruit\u00e9s ou gourmands, il y en a pour tous les go\u00fbts.! - &hellip;\" \/>\n<meta property=\"og:url\" content=\"http:\/\/melaniepatisserie.fr\/index.php\/les-intemporels\/\" \/>\n<meta property=\"article:modified_time\" content=\"2022-03-23T20:09:59+00:00\" \/>\n<meta name=\"twitter:card\" content=\"summary_large_image\" \/>\n<script type=\"application\/ld+json\" class=\"yoast-schema-graph\">{\"@context\":\"https:\/\/schema.org\",\"@graph\":[{\"@type\":\"Organization\",\"@id\":\"https:\/\/melaniepatisserie.fr\/#organization\",\"name\":\"M\u00e9lanie P\u00e2tisserie\",\"url\":\"https:\/\/melaniepatisserie.fr\/\",\"sameAs\":[],\"logo\":{\"@type\":\"ImageObject\",\"@id\":\"https:\/\/melaniepatisserie.fr\/#logo\",\"inLanguage\":\"fr-FR\",\"url\":\"http:\/\/melaniepatisserie.fr\/wp-content\/uploads\/2022\/04\/icone-site-internet.jpg\",\"contentUrl\":\"http:\/\/melaniepatisserie.fr\/wp-content\/uploads\/2022\/04\/icone-site-internet.jpg\",\"width\":1063,\"height\":709,\"caption\":\"M\u00e9lanie P\u00e2tisserie\"},\"image\":{\"@id\":\"https:\/\/melaniepatisserie.fr\/#logo\"}},{\"@type\":\"WebSite\",\"@id\":\"https:\/\/melaniepatisserie.fr\/#website\",\"url\":\"https:\/\/melaniepatisserie.fr\/\",\"name\":\"\",\"description\":\"\",\"publisher\":{\"@id\":\"https:\/\/melaniepatisserie.fr\/#organization\"},\"potentialAction\":[{\"@type\":\"SearchAction\",\"target\":{\"@type\":\"EntryPoint\",\"urlTemplate\":\"https:\/\/melaniepatisserie.fr\/?s={search_term_string}\"},\"query-input\":\"required name=search_term_string\"}],\"inLanguage\":\"fr-FR\"},{\"@type\":\"WebPage\",\"@id\":\"http:\/\/melaniepatisserie.fr\/index.php\/les-intemporels\/#webpage\",\"url\":\"http:\/\/melaniepatisserie.fr\/index.php\/les-intemporels\/\",\"name\":\"Les intemporels -\",\"isPartOf\":{\"@id\":\"https:\/\/melaniepatisserie.fr\/#website\"},\"datePublished\":\"2022-03-23T20:09:52+00:00\",\"dateModified\":\"2022-03-23T20:09:59+00:00\",\"breadcrumb\":{\"@id\":\"http:\/\/melaniepatisserie.fr\/index.php\/les-intemporels\/#breadcrumb\"},\"inLanguage\":\"fr-FR\",\"potentialAction\":[{\"@type\":\"ReadAction\",\"target\":[\"http:\/\/melaniepatisserie.fr\/index.php\/les-intemporels\/\"]}]},{\"@type\":\"BreadcrumbList\",\"@id\":\"http:\/\/melaniepatisserie.fr\/index.php\/les-intemporels\/#breadcrumb\",\"itemListElement\":[{\"@type\":\"ListItem\",\"position\":1,\"name\":\"Home\",\"item\":\"https:\/\/melaniepatisserie.fr\/\"},{\"@type\":\"ListItem\",\"position\":2,\"name\":\"Les intemporels\"}]}]}<\/script>\n<!-- \/ Yoast SEO plugin. -->","yoast_head_json":{"title":"Les intemporels -","robots":{"index":"index","follow":"follow","max-snippet":"max-snippet:-1","max-image-preview":"max-image-preview:large","max-video-preview":"max-video-preview:-1"},"canonical":"http:\/\/melaniepatisserie.fr\/index.php\/les-intemporels\/","og_locale":"fr_FR","og_type":"article","og_title":"Les intemporels -","og_description":"Les intemporels Tout au long de l'ann\u00e9e, retrouvez des parfums classiques et incontournables, fruit\u00e9s ou gourmands, il y en a pour tous les go\u00fbts.! - &hellip;","og_url":"http:\/\/melaniepatisserie.fr\/index.php\/les-intemporels\/","article_modified_time":"2022-03-23T20:09:59+00:00","twitter_card":"summary_large_image","schema":{"@context":"https:\/\/schema.org","@graph":[{"@type":"Organization","@id":"https:\/\/melaniepatisserie.fr\/#organization","name":"M\u00e9lanie P\u00e2tisserie","url":"https:\/\/melaniepatisserie.fr\/","sameAs":[],"logo":{"@type":"ImageObject","@id":"https:\/\/melaniepatisserie.fr\/#logo","inLanguage":"fr-FR","url":"http:\/\/melaniepatisserie.fr\/wp-content\/uploads\/2022\/04\/icone-site-internet.jpg","contentUrl":"http:\/\/melaniepatisserie.fr\/wp-content\/uploads\/2022\/04\/icone-site-internet.jpg","width":1063,"height":709,"caption":"M\u00e9lanie P\u00e2tisserie"},"image":{"@id":"https:\/\/melaniepatisserie.fr\/#logo"}},{"@type":"WebSite","@id":"https:\/\/melaniepatisserie.fr\/#website","url":"https:\/\/melaniepatisserie.fr\/","name":"","description":"","publisher":{"@id":"https:\/\/melaniepatisserie.fr\/#organization"},"potentialAction":[{"@type":"SearchAction","target":{"@type":"EntryPoint","urlTemplate":"https:\/\/melaniepatisserie.fr\/?s={search_term_string}"},"query-input":"required name=search_term_string"}],"inLanguage":"fr-FR"},{"@type":"WebPage","@id":"http:\/\/melaniepatisserie.fr\/index.php\/les-intemporels\/#webpage","url":"http:\/\/melaniepatisserie.fr\/index.php\/les-intemporels\/","name":"Les intemporels -","isPartOf":{"@id":"https:\/\/melaniepatisserie.fr\/#website"},"datePublished":"2022-03-23T20:09:52+00:00","dateModified":"2022-03-23T20:09:59+00:00","breadcrumb":{"@id":"http:\/\/melaniepatisserie.fr\/index.php\/les-intemporels\/#breadcrumb"},"inLanguage":"fr-FR","potentialAction":[{"@type":"ReadAction","target":["http:\/\/melaniepatisserie.fr\/index.php\/les-intemporels\/"]}]},{"@type":"BreadcrumbList","@id":"http:\/\/melaniepatisserie.fr\/index.php\/les-intemporels\/#breadcrumb","itemListElement":[{"@type":"ListItem","position":1,"name":"Home","item":"https:\/\/melaniepatisserie.fr\/"},{"@type":"ListItem","position":2,"name":"Les intemporels"}]}]}},"_links":{"self":[{"href":"https:\/\/melaniepatisserie.fr\/index.php\/wp-json\/wp\/v2\/pages\/529"}],"collection":[{"href":"https:\/\/melaniepatisserie.fr\/index.php\/wp-json\/wp\/v2\/pages"}],"about":[{"href":"https:\/\/melaniepatisserie.fr\/index.php\/wp-json\/wp\/v2\/types\/page"}],"author":[{"embeddable":true,"href":"https:\/\/melaniepatisserie.fr\/index.php\/wp-json\/wp\/v2\/users\/1"}],"replies":[{"embeddable":true,"href":"https:\/\/melaniepatisserie.fr\/index.php\/wp-json\/wp\/v2\/comments?post=529"}],"version-history":[{"count":7,"href":"https:\/\/melaniepatisserie.fr\/index.php\/wp-json\/wp\/v2\/pages\/529\/revisions"}],"predecessor-version":[{"id":576,"href":"https:\/\/melaniepatisserie.fr\/index.php\/wp-json\/wp\/v2\/pages\/529\/revisions\/576"}],"wp:attachment":[{"href":"https:\/\/melaniepatisserie.fr\/index.php\/wp-json\/wp\/v2\/media?parent=529"}],"curies":[{"name":"wp","href":"https:\/\/api.w.org\/{rel}","templated":true}]}}